{"id":528,"date":"2024-10-03T12:16:22","date_gmt":"2024-10-03T12:16:22","guid":{"rendered":"https:\/\/flowup.cl\/wp\/test\/?page_id=528"},"modified":"2026-04-04T07:57:36","modified_gmt":"2026-04-04T07:57:36","slug":"front_page","status":"publish","type":"page","link":"https:\/\/flowup.cl\/wp\/","title":{"rendered":"Home"},"content":{"rendered":"\n\n\n\n\n\n\n\n\n\n\n\n\n\n\n\n\n\n\n\n\n\n\n\n","protected":false},"excerpt":{"rendered":"","protected":false},"author":1,"featured_media":0,"parent":0,"menu_order":0,"comment_status":"closed","ping_status":"closed","template":"","meta":{"saved_in_kubio":true,"footnotes":""},"class_list":["post-528","page","type-page","status-publish","hentry"],"kubio_ai_page_context":{"short_desc":"","purpose":"general"},"yoast_head":"<!-- This site is optimized with the Yoast SEO plugin v23.7 - https:\/\/yoast.com\/wordpress\/plugins\/seo\/ -->\n<title>Home |<\/title>\n<meta name=\"robots\" content=\"index, follow, max-snippet:-1, max-image-preview:large, max-video-preview:-1\" \/>\n<link rel=\"canonical\" href=\"https:\/\/flowup.cl\/wp\/\" \/>\n<meta property=\"og:locale\" content=\"es_ES\" \/>\n<meta property=\"og:type\" content=\"article\" \/>\n<meta property=\"og:title\" content=\"Home |\" \/>\n<meta property=\"og:url\" content=\"https:\/\/flowup.cl\/wp\/\" \/>\n<meta property=\"article:modified_time\" content=\"2026-04-04T07:57:36+00:00\" \/>\n<meta name=\"twitter:card\" content=\"summary_large_image\" \/>\n<meta name=\"twitter:label1\" content=\"Tiempo de lectura\" \/>\n\t<meta name=\"twitter:data1\" content=\"5 minutos\" \/>\n<script type=\"application\/ld+json\" class=\"yoast-schema-graph\">{\"@context\":\"https:\/\/schema.org\",\"@graph\":[{\"@type\":\"WebPage\",\"@id\":\"https:\/\/flowup.cl\/wp\/\",\"url\":\"https:\/\/flowup.cl\/wp\/\",\"name\":\"Home |\",\"isPartOf\":{\"@id\":\"https:\/\/flowup.cl\/wp\/#website\"},\"datePublished\":\"2024-10-03T12:16:22+00:00\",\"dateModified\":\"2026-04-04T07:57:36+00:00\",\"breadcrumb\":{\"@id\":\"https:\/\/flowup.cl\/wp\/#breadcrumb\"},\"inLanguage\":\"es\",\"potentialAction\":[{\"@type\":\"ReadAction\",\"target\":[\"https:\/\/flowup.cl\/wp\/\"]}]},{\"@type\":\"BreadcrumbList\",\"@id\":\"https:\/\/flowup.cl\/wp\/#breadcrumb\",\"itemListElement\":[{\"@type\":\"ListItem\",\"position\":1,\"name\":\"Portada\",\"item\":\"https:\/\/flowup.cl\/wp\/\"},{\"@type\":\"ListItem\",\"position\":2,\"name\":\"Home\"}]},{\"@type\":\"WebSite\",\"@id\":\"https:\/\/flowup.cl\/wp\/#website\",\"url\":\"https:\/\/flowup.cl\/wp\/\",\"name\":\"FlowUp Hunting\",\"description\":\"Empresa l\u00edder en headhunting con m\u00e1s de 25 a\u00f1os de experiencia\",\"publisher\":{\"@id\":\"https:\/\/flowup.cl\/wp\/#organization\"},\"potentialAction\":[{\"@type\":\"SearchAction\",\"target\":{\"@type\":\"EntryPoint\",\"urlTemplate\":\"https:\/\/flowup.cl\/wp\/?s={search_term_string}\"},\"query-input\":{\"@type\":\"PropertyValueSpecification\",\"valueRequired\":true,\"valueName\":\"search_term_string\"}}],\"inLanguage\":\"es\"},{\"@type\":\"Organization\",\"@id\":\"https:\/\/flowup.cl\/wp\/#organization\",\"name\":\"Flow up\",\"url\":\"https:\/\/flowup.cl\/wp\/\",\"logo\":{\"@type\":\"ImageObject\",\"inLanguage\":\"es\",\"@id\":\"https:\/\/flowup.cl\/wp\/#\/schema\/logo\/image\/\",\"url\":\"https:\/\/flowup.cl\/wp\/wp-content\/uploads\/2020\/08\/Captura-de-Pantalla-2020-08-07-a-las-13.58.15.png\",\"contentUrl\":\"https:\/\/flowup.cl\/wp\/wp-content\/uploads\/2020\/08\/Captura-de-Pantalla-2020-08-07-a-las-13.58.15.png\",\"width\":212,\"height\":200,\"caption\":\"Flow up\"},\"image\":{\"@id\":\"https:\/\/flowup.cl\/wp\/#\/schema\/logo\/image\/\"},\"sameAs\":[\"https:\/\/www.linkedin.com\/company\/flowup-b-squeda-y-selecci-n-de-profesionales\/about\/\"]}]}<\/script>\n<!-- \/ Yoast SEO plugin. -->","yoast_head_json":{"title":"Home |","robots":{"index":"index","follow":"follow","max-snippet":"max-snippet:-1","max-image-preview":"max-image-preview:large","max-video-preview":"max-video-preview:-1"},"canonical":"https:\/\/flowup.cl\/wp\/","og_locale":"es_ES","og_type":"article","og_title":"Home |","og_url":"https:\/\/flowup.cl\/wp\/","article_modified_time":"2026-04-04T07:57:36+00:00","twitter_card":"summary_large_image","twitter_misc":{"Tiempo de lectura":"5 minutos"},"schema":{"@context":"https:\/\/schema.org","@graph":[{"@type":"WebPage","@id":"https:\/\/flowup.cl\/wp\/","url":"https:\/\/flowup.cl\/wp\/","name":"Home |","isPartOf":{"@id":"https:\/\/flowup.cl\/wp\/#website"},"datePublished":"2024-10-03T12:16:22+00:00","dateModified":"2026-04-04T07:57:36+00:00","breadcrumb":{"@id":"https:\/\/flowup.cl\/wp\/#breadcrumb"},"inLanguage":"es","potentialAction":[{"@type":"ReadAction","target":["https:\/\/flowup.cl\/wp\/"]}]},{"@type":"BreadcrumbList","@id":"https:\/\/flowup.cl\/wp\/#breadcrumb","itemListElement":[{"@type":"ListItem","position":1,"name":"Portada","item":"https:\/\/flowup.cl\/wp\/"},{"@type":"ListItem","position":2,"name":"Home"}]},{"@type":"WebSite","@id":"https:\/\/flowup.cl\/wp\/#website","url":"https:\/\/flowup.cl\/wp\/","name":"FlowUp Hunting","description":"Empresa l\u00edder en headhunting con m\u00e1s de 25 a\u00f1os de experiencia","publisher":{"@id":"https:\/\/flowup.cl\/wp\/#organization"},"potentialAction":[{"@type":"SearchAction","target":{"@type":"EntryPoint","urlTemplate":"https:\/\/flowup.cl\/wp\/?s={search_term_string}"},"query-input":{"@type":"PropertyValueSpecification","valueRequired":true,"valueName":"search_term_string"}}],"inLanguage":"es"},{"@type":"Organization","@id":"https:\/\/flowup.cl\/wp\/#organization","name":"Flow up","url":"https:\/\/flowup.cl\/wp\/","logo":{"@type":"ImageObject","inLanguage":"es","@id":"https:\/\/flowup.cl\/wp\/#\/schema\/logo\/image\/","url":"https:\/\/flowup.cl\/wp\/wp-content\/uploads\/2020\/08\/Captura-de-Pantalla-2020-08-07-a-las-13.58.15.png","contentUrl":"https:\/\/flowup.cl\/wp\/wp-content\/uploads\/2020\/08\/Captura-de-Pantalla-2020-08-07-a-las-13.58.15.png","width":212,"height":200,"caption":"Flow up"},"image":{"@id":"https:\/\/flowup.cl\/wp\/#\/schema\/logo\/image\/"},"sameAs":["https:\/\/www.linkedin.com\/company\/flowup-b-squeda-y-selecci-n-de-profesionales\/about\/"]}]}},"_links":{"self":[{"href":"https:\/\/flowup.cl\/wp\/wp-json\/wp\/v2\/pages\/528"}],"collection":[{"href":"https:\/\/flowup.cl\/wp\/wp-json\/wp\/v2\/pages"}],"about":[{"href":"https:\/\/flowup.cl\/wp\/wp-json\/wp\/v2\/types\/page"}],"author":[{"embeddable":true,"href":"https:\/\/flowup.cl\/wp\/wp-json\/wp\/v2\/users\/1"}],"replies":[{"embeddable":true,"href":"https:\/\/flowup.cl\/wp\/wp-json\/wp\/v2\/comments?post=528"}],"version-history":[{"count":54,"href":"https:\/\/flowup.cl\/wp\/wp-json\/wp\/v2\/pages\/528\/revisions"}],"predecessor-version":[{"id":693,"href":"https:\/\/flowup.cl\/wp\/wp-json\/wp\/v2\/pages\/528\/revisions\/693"}],"wp:attachment":[{"href":"https:\/\/flowup.cl\/wp\/wp-json\/wp\/v2\/media?parent=528"}],"curies":[{"name":"wp","href":"https:\/\/api.w.org\/{rel}","templated":true}]}}